{"id":900,"date":"2021-04-10T04:05:39","date_gmt":"2021-04-10T02:05:39","guid":{"rendered":"https:\/\/dpr-sat.cat\/blog\/index.php\/books\/"},"modified":"2024-02-17T11:14:05","modified_gmt":"2024-02-17T10:14:05","slug":"serveis","status":"publish","type":"page","link":"https:\/\/dpr-sat.cat\/blog\/index.php\/home\/serveis\/","title":{"rendered":"Serveis"},"content":{"rendered":"\n<div class=\"wp-block-uagb-advanced-heading uagb-block-0f004096\"><h2 class=\"uagb-heading-text\">Serveis<\/h2><\/div>\n\n\n\n<div class=\"wp-block-uagb-container uagb-block-e7f58bee alignfull uagb-is-root-container\"><div class=\"uagb-container-inner-blocks-wrap\">\n<div class=\"wp-block-uagb-container uagb-block-10879ed6 alignfull uagb-is-root-container\"><div class=\"uagb-container-inner-blocks-wrap\">\n<div data-aos= \"zoom-in-up\" data-aos-duration=\"400\" data-aos-delay=\"0\" data-aos-easing=\"ease\" data-aos-once=\"true\" class=\"wp-block-uagb-info-box uagb-block-540ee0e7 uagb-infobox__content-wrap  uagb-infobox_cta-type-all uagb-infobox-icon-above-title uagb-infobox-image-valign-top\"><a href=\"https:\/\/dpr-sat.cat\/blog\/index.php\/home\/servis\/rehabilitacio-energetica\/#Beneficis_rehabilitacio_energetica\" class=\"uagb-infobox-link-wrap uagb-infbox__link-to-all\" target=\"_self\" aria-label=\"Infobox Link\" rel=\"noopener noreferrer\" onclick=\"return true;\"><\/a><div class=\"uagb-ifb-content\"><div class=\"uagb-ifb-image-content\"><img decoding=\"async\" src=\"https:\/\/dpr-sat.cat\/blog\/wp-content\/uploads\/2023\/08\/construction_project_plan_building_architect_design_develop-84_icon-icons.com_60233-150x150.png\" alt=\"\" width=\"80\" height=\"80\" loading=\"lazy\"\/><\/div><div class=\"uagb-ifb-title-wrap\"><h4 class=\"uagb-ifb-title\">Rehabilitaci\u00f3 Energ\u00e8tica<\/h4><\/div><p class=\"uagb-ifb-desc\"> Estudi d&#8217;efici\u00e8ncia energ\u00e8tica de l&#8217;edifici i proposta  de reforma<\/p><div class=\"uagb-ifb-button-wrapper wp-block-button\"><\/div><\/div><\/div>\n\n\n\n<div data-aos= \"zoom-out-left\" data-aos-duration=\"400\" data-aos-delay=\"0\" data-aos-easing=\"ease\" data-aos-once=\"true\" class=\"wp-block-uagb-info-box uagb-block-be7a1f96 uagb-infobox__content-wrap  uagb-infobox_cta-type-all uagb-infobox-icon-above-title uagb-infobox-image-valign-top\"><a href=\"#Subvencions1\" class=\"uagb-infobox-link-wrap uagb-infbox__link-to-all\" target=\"_self\" aria-label=\"Infobox Link\" rel=\"noopener noreferrer\" onclick=\"return true;\"><\/a><div class=\"uagb-ifb-content\"><div class=\"uagb-ifb-image-content\"><img decoding=\"async\" src=\"https:\/\/dpr-sat.cat\/blog\/wp-content\/uploads\/2023\/08\/construction_project_plan_building_architect_design_develop-66_icon-icons.com_60219-150x150.png\" alt=\"\" width=\"80\" height=\"80\" loading=\"lazy\"\/><\/div><div class=\"uagb-ifb-title-wrap\"><h4 class=\"uagb-ifb-title\">Subvencions i Ajuts<\/h4><\/div><p class=\"uagb-ifb-desc\">Analisi, proposta i gesti\u00f3 garantitzada de les subvencions i ajuts que pots optar<\/p><div class=\"uagb-ifb-button-wrapper wp-block-button\"><\/div><\/div><\/div>\n\n\n\n<div data-aos= \"fade-down\" data-aos-duration=\"400\" data-aos-delay=\"0\" data-aos-easing=\"ease\" data-aos-once=\"true\" class=\"wp-block-uagb-info-box uagb-block-cc769e89 uagb-infobox__content-wrap  uagb-infobox_cta-type-all uagb-infobox-icon-above-title uagb-infobox-image-valign-top\"><a href=\"#ite1\" class=\"uagb-infobox-link-wrap uagb-infbox__link-to-all\" target=\"_self\" aria-label=\"Infobox Link\" rel=\"noopener noreferrer\" onclick=\"return true;\"><\/a><div class=\"uagb-ifb-content\"><div class=\"uagb-ifb-image-content\"><img decoding=\"async\" src=\"https:\/\/dpr-sat.cat\/blog\/wp-content\/uploads\/2023\/08\/construction_project_plan_building_architect_design_develop-94_icon-icons.com_60228-150x150.png\" alt=\"\" width=\"80\" height=\"80\" loading=\"lazy\"\/><\/div><div class=\"uagb-ifb-title-wrap\"><h4 class=\"uagb-ifb-title\">ITE<\/h4><\/div><p class=\"uagb-ifb-desc\">Revisi\u00f3 de l&#8217;edificaci\u00f3, Inspecci\u00f3 T\u00e8cnica de l&#8217;Edifici i certificat d&#8217;Aptitut, obligatori cada 10 anys<\/p><div class=\"uagb-ifb-button-wrapper wp-block-button\"><\/div><\/div><\/div>\n<\/div><\/div>\n\n\n\n<div class=\"wp-block-uagb-container uagb-block-0bd2f033\">\n<div class=\"wp-block-uagb-info-box uagb-block-62b7bd4d uagb-infobox__content-wrap  uagb-infobox-icon-above-title uagb-infobox-image-valign-top\"><div class=\"uagb-ifb-content\"><div class=\"uagb-ifb-image-content\"><img decoding=\"async\" src=\"https:\/\/dpr-sat.cat\/blog\/wp-content\/uploads\/2023\/08\/construction_project_plan_building_architect_design_develop-54_icon-icons.com_60229-150x150.png\" alt=\"\" width=\"80\" height=\"80\" loading=\"lazy\"\/><\/div><div class=\"uagb-ifb-title-wrap\"><h4 class=\"uagb-ifb-title\">Direcci\u00f3 d&#8217;Execuci\u00f3 <br>d&#8217;Obres<\/h4><\/div><p class=\"uagb-ifb-desc\">Supervisi\u00f3 i direcci\u00f3 facultativa de l&#8217;execuci\u00f3 de l&#8217;obra com a arquitecte t\u00e8cnic<\/p><\/div><\/div>\n\n\n\n<div class=\"wp-block-uagb-info-box uagb-block-f0c82957 uagb-infobox__content-wrap  uagb-infobox-icon-above-title uagb-infobox-image-valign-top\"><div class=\"uagb-ifb-content\"><div class=\"uagb-ifb-image-content\"><img decoding=\"async\" src=\"https:\/\/dpr-sat.cat\/blog\/wp-content\/uploads\/2023\/08\/construction_project_plan_building_architect_design_develop-51_icon-icons.com_60238-150x150.png\" alt=\"\" width=\"80\" height=\"80\" loading=\"lazy\"\/><\/div><div class=\"uagb-ifb-title-wrap\"><h4 class=\"uagb-ifb-title\">Habitabilitat<\/h4><\/div><p class=\"uagb-ifb-desc\">Certificat d&#8217;habitabilitat d&#8217;un habitatge que s&#8217;ha reformat, modificat o han passat 10 anys desde l&#8217;anterior C\u00e8dul\u00b7la d&#8217;habitabilitat<\/p><\/div><\/div>\n\n\n\n<div class=\"wp-block-uagb-info-box uagb-block-ebc6a379 uagb-infobox__content-wrap  uagb-infobox-icon-above-title uagb-infobox-image-valign-top\"><div class=\"uagb-ifb-content\"><div class=\"uagb-ifb-image-content\"><img decoding=\"async\" src=\"https:\/\/dpr-sat.cat\/blog\/wp-content\/uploads\/2023\/08\/construction_project_plan_building_architect_design_develop-93_icon-icons.com_60247-150x150.png\" alt=\"\" width=\"80\" height=\"80\" loading=\"lazy\"\/><\/div><div class=\"uagb-ifb-title-wrap\"><h4 class=\"uagb-ifb-title\">Legalitzacions<\/h4><\/div><p class=\"uagb-ifb-desc\">Tramits per a formalitzar  legalment les edificacions construides que no figuren registrades adequadament, per poder vendre, llogar, etc<\/p><\/div><\/div>\n<\/div>\n\n\n\n<div class=\"wp-block-uagb-container uagb-block-785eba01\">\n<div class=\"wp-block-uagb-info-box uagb-block-4c778a42 uagb-infobox__content-wrap  uagb-infobox-icon-above-title uagb-infobox-image-valign-top\"><div class=\"uagb-ifb-content\"><div class=\"uagb-ifb-image-content\"><img decoding=\"async\" src=\"https:\/\/dpr-sat.cat\/blog\/wp-content\/uploads\/2023\/09\/construction_project_plan_building_architect_design_develop-86_icon-icons.com_60252-150x150.png\" alt=\"\" width=\"80\" height=\"80\" loading=\"lazy\"\/><\/div><div class=\"uagb-ifb-title-wrap\"><h4 class=\"uagb-ifb-title\">Informe Pericial<\/h4><\/div><p class=\"uagb-ifb-desc\">Informe t\u00e8cnic certificat, per a defensar judicialment un cas de desacord de les parts<\/p><\/div><\/div>\n\n\n\n<div class=\"wp-block-group is-content-justification-center is-nowrap is-layout-flex wp-container-core-group-is-layout-23441af8 wp-block-group-is-layout-flex\">\n<div class=\"wp-block-columns is-layout-flex wp-container-core-columns-is-layout-28f84493 wp-block-columns-is-layout-flex\">\n<div class=\"wp-block-column is-layout-flow wp-block-column-is-layout-flow\" style=\"flex-basis:100%\">\n<div class=\"inherit-container-width wp-block-group is-layout-constrained wp-block-group-is-layout-constrained\">\n<div class=\"inherit-container-width wp-block-group is-layout-constrained wp-block-group-is-layout-constrained\">\n<div class=\"wp-block-columns are-vertically-aligned-bottom is-layout-flex wp-container-core-columns-is-layout-28f84493 wp-block-columns-is-layout-flex\">\n<div class=\"wp-block-column is-vertically-aligned-bottom is-layout-flow wp-block-column-is-layout-flow\" style=\"flex-basis:100%\">\n<div class=\"wp-block-uagb-info-box uagb-block-baaad13f uagb-infobox__content-wrap  uagb-infobox-icon-above-title uagb-infobox-image-valign-top\"><div class=\"uagb-ifb-content\"><div class=\"uagb-ifb-image-content\"><img decoding=\"async\" src=\"https:\/\/dpr-sat.cat\/blog\/wp-content\/uploads\/2023\/08\/construction_project_plan_building_architect_design_develop-79_icon-icons.com_60231-150x150.png\" alt=\"\" width=\"80\" height=\"80\" loading=\"lazy\"\/><\/div><div class=\"uagb-ifb-title-wrap\"><h4 class=\"uagb-ifb-title\">Reforma Habitatge<\/h4><\/div><p class=\"uagb-ifb-desc\">Reforma integral d&#8217;habitatge, tot el proc\u00e9s complert. Amb claus en m\u00e0, preu tancat o costos vistos<\/p><\/div><\/div>\n<\/div>\n<\/div>\n<\/div>\n<\/div>\n<\/div>\n<\/div>\n<\/div>\n\n\n\n<div class=\"wp-block-uagb-info-box uagb-block-1e0a689c uagb-infobox__content-wrap  uagb-infobox-icon-above-title uagb-infobox-image-valign-top\"><div class=\"uagb-ifb-content\"><div class=\"uagb-ifb-image-content\"><img decoding=\"async\" src=\"https:\/\/dpr-sat.cat\/blog\/wp-content\/uploads\/2023\/08\/construction_project_plan_building_architect_design_develop-83_icon-icons.com_60220-150x150.png\" alt=\"\" width=\"80\" height=\"80\" loading=\"lazy\"\/><\/div><div class=\"uagb-ifb-title-wrap\"><h4 class=\"uagb-ifb-title\">Certificat Energ\u00e8tic<\/h4><\/div><p class=\"uagb-ifb-desc\">Evaluaci\u00f3 energ\u00e8tica del teu habitatge, per poder vendre o llogar. <br> Agent certificador energ\u00e8tic ICAEN. <\/p><\/div><\/div>\n<\/div>\n\n\n\n<div class=\"wp-block-uagb-container uagb-block-5a036c76\">\n<div class=\"wp-block-uagb-info-box uagb-block-9a1fb850 uagb-infobox__content-wrap  uagb-infobox-icon-above-title uagb-infobox-image-valign-top\"><div class=\"uagb-ifb-content\"><div class=\"uagb-ifb-image-content\"><img decoding=\"async\" src=\"https:\/\/dpr-sat.cat\/blog\/wp-content\/uploads\/2023\/09\/construction_project_plan_building_architect_design_develop-90_icon-icons.com_60226-150x150.png\" alt=\"\" width=\"80\" height=\"80\" loading=\"lazy\"\/><\/div><div class=\"uagb-ifb-title-wrap\"><h4 class=\"uagb-ifb-title\">Projectes per permisos d&#8217;obres<\/h4><\/div><p class=\"uagb-ifb-desc\">Projectes desde la reforma d&#8217;un habitatge fins a una rehabilitaci\u00f3 d&#8217;un edifici o fa\u00e7ana<\/p><\/div><\/div>\n\n\n\n<div class=\"wp-block-group is-content-justification-center is-nowrap is-layout-flex wp-container-core-group-is-layout-23441af8 wp-block-group-is-layout-flex\">\n<div class=\"wp-block-columns is-layout-flex wp-container-core-columns-is-layout-28f84493 wp-block-columns-is-layout-flex\">\n<div class=\"wp-block-column is-layout-flow wp-block-column-is-layout-flow\" style=\"flex-basis:100%\">\n<div class=\"inherit-container-width wp-block-group is-layout-constrained wp-block-group-is-layout-constrained\">\n<div class=\"inherit-container-width wp-block-group is-layout-constrained wp-block-group-is-layout-constrained\">\n<div class=\"wp-block-columns are-vertically-aligned-bottom is-layout-flex wp-container-core-columns-is-layout-28f84493 wp-block-columns-is-layout-flex\">\n<div class=\"wp-block-column is-vertically-aligned-bottom is-layout-flow wp-block-column-is-layout-flow\" style=\"flex-basis:100%\">\n<div class=\"wp-block-uagb-info-box uagb-block-996afbd6 uagb-infobox__content-wrap  uagb-infobox-icon-above-title uagb-infobox-image-valign-top\"><div class=\"uagb-ifb-content\"><div class=\"uagb-ifb-image-content\"><img decoding=\"async\" src=\"https:\/\/dpr-sat.cat\/blog\/wp-content\/uploads\/2023\/09\/construction_project_plan_building_architect_design_develop-80_icon-icons.com_60245-150x150.png\" alt=\"\" width=\"80\" height=\"80\" loading=\"lazy\"\/><\/div><div class=\"uagb-ifb-title-wrap\"><h4 class=\"uagb-ifb-title\">Revisi\u00f3 d&#8217;Amidaments i Pressupostos<\/h4><\/div><p class=\"uagb-ifb-desc\">Estudi d&#8217;amidaments i de preus de qualsevol tipologia de projecte d&#8217;edificaci\u00f3<\/p><\/div><\/div>\n<\/div>\n<\/div>\n<\/div>\n<\/div>\n<\/div>\n<\/div>\n<\/div>\n\n\n\n<div class=\"wp-block-uagb-info-box uagb-block-4d45447f uagb-infobox__content-wrap  uagb-infobox-icon-above-title uagb-infobox-image-valign-top\"><div class=\"uagb-ifb-content\"><div class=\"uagb-ifb-image-content\"><img decoding=\"async\" src=\"https:\/\/dpr-sat.cat\/blog\/wp-content\/uploads\/2023\/08\/construction_project_plan_building_architect_design_develop-83_icon-icons.com_60220-150x150.png\" alt=\"\" width=\"80\" height=\"80\" loading=\"lazy\"\/><\/div><div class=\"uagb-ifb-title-wrap\"><h4 class=\"uagb-ifb-title\">Viabilitat econ\u00f2mica d&#8217;inversions immobili\u00e0ries<\/h4><\/div><p class=\"uagb-ifb-desc\">Estudi i analisi per determinar rendibilitat d&#8217;una inversi\u00f3 immobili\u00e0ria<\/p><\/div><\/div>\n<\/div>\n<\/div><\/div>\n\n\n\n<div class=\"wp-block-uagb-container uagb-block-d71278f4 alignfull uagb-is-root-container\"><div class=\"uagb-container-inner-blocks-wrap\">\n<div class=\"wp-block-uagb-container uagb-block-800f544f\"><\/div>\n\n\n\n<div class=\"wp-block-uagb-container uagb-block-6f4f2f02\">\n<div class=\"wp-block-uagb-info-box uagb-block-8d042e81 uagb-infobox__content-wrap  uagb-infobox-icon-above-title uagb-infobox-image-valign-top\"><div class=\"uagb-ifb-content\"><div class=\"uagb-ifb-title-wrap\"><span class=\"uagb-ifb-title-prefix\">Manteniment edifici<\/span><h2 class=\"uagb-ifb-title\">El t\u00e8cnic de cap\u00e7alera<\/h2><\/div><p class=\"uagb-ifb-desc\"><br> Gestionem la rehabilitaci\u00f3 i manteniment del teu edifici o habitatge des d&#8217;una perspectiva integral. Diagn\u00f2stic, manteniment, tr\u00e0mits subvencions, certificats, dictamens, llibre de l&#8217;edifici, programa de rehabilitaci\u00f3, direcci\u00f3 d&#8217;obra, coordinador de seguretat i assessoraments t\u00e8cnics.<br><br>Una garantia de qualitat, estalvi i seguretat. El millor assessorament integral per al teu habitatge. La garant\u00eda professional d&#8217;un t\u00e8cnic col\u00b7legiat al teu servei. <br><\/p><div class=\"uagb-ifb-button-wrapper wp-block-button\"><a href=\"https:\/\/dpr-sat.cat\/blog\/index.php\/home\/contact\/\" class=\"uagb-infobox-cta-link wp-block-button__link\" target=\"_self\" rel=\"noopener noreferrer\" onclick=\"return true;\" alt=\"\"><span class=\"uagb-inline-editing\">Fes una consulta<\/span><\/a><\/div><\/div><\/div>\n<\/div>\n<\/div><\/div>\n\n\n\n<div class=\"wp-block-uagb-container uagb-block-2529af5e alignfull uagb-is-root-container\"><div class=\"uagb-container-inner-blocks-wrap\">\n<div class=\"wp-block-uagb-container uagb-block-4736be28 alignfull uagb-is-root-container\"><div class=\"uagb-container-inner-blocks-wrap\">\n<div class=\"wp-block-uagb-info-box uagb-block-9acd000b uagb-infobox__content-wrap  uagb-infobox-icon-above-title uagb-infobox-image-valign-top\"><div class=\"uagb-ifb-content\"><div class=\"uagb-ifb-title-wrap\"><span class=\"uagb-ifb-title-prefix\">Rehabilitaci\u00f3 energ\u00e8tica<\/span><h2 class=\"uagb-ifb-title\">Preestudi energ\u00e8tic del vostre edifici gratu\u00eft<\/h2><\/div><p class=\"uagb-ifb-desc\">Nom\u00e9s caldr\u00e0 que m&#8217;indiqueu l&#8217;adre\u00e7a exacte i alguna informaci\u00f3 adicional de l&#8217;edifici que us demanar\u00e9 per correu electr\u00f2nic.  Amb les dades que aporteu farem un preestudi econ\u00f2mic de la Rehbilitaci\u00f3 Energ\u00e8tica del vostre edifici amb l&#8217;Eina <a href=\"https:\/\/itec.cat\/programes\/espreh\/\">ESPREH<\/a> de l&#8217;ITEC, de forma gratu\u00efta.<\/p><\/div><\/div>\n\n\n\n<div class=\"wp-block-uagb-container uagb-block-72f19ac6 alignfull uagb-is-root-container\"><div class=\"uagb-container-inner-blocks-wrap\">\n<div class=\"wp-block-uagb-container uagb-block-2d9e636e alignfull uagb-is-root-container\"><div class=\"uagb-container-inner-blocks-wrap\">\n<p class=\"has-text-align-left\">Promoci\u00f3 v\u00e0lida fins:<\/p>\n\n\n\n<div class=\"wp-block-uagb-advanced-heading uagb-block-aeffca1c\"><h3 class=\"uagb-heading-text\">Gener <strong>202<\/strong>4<\/h3><\/div>\n<\/div><\/div>\n\n\n\n<div class=\"wp-block-uagb-container uagb-block-62a0538e alignfull uagb-is-root-container\"><div class=\"uagb-container-inner-blocks-wrap\">\n<div class=\"wp-block-uagb-buttons uagb-buttons__outer-wrap uagb-btn__default-btn uagb-btn-tablet__default-btn uagb-btn-mobile__default-btn uagb-block-d9e61703\"><div class=\"uagb-buttons__wrap uagb-buttons-layout-wrap\">\n<div class=\"wp-block-uagb-buttons-child uagb-buttons__outer-wrap uagb-block-cf0ac450 wp-block-button\"><div class=\"uagb-button__wrapper\"><a class=\"uagb-buttons-repeater wp-block-button__link\" href=\"https:\/\/dpr-sat.cat\/blog\/index.php\/home\/contact\/#adre\u00e7a\" onclick=\"return true;\" rel=\"follow noopener\" target=\"_self\"><div class=\"uagb-button__link\">Demana&#8217;l ara<\/div><\/a><\/div><\/div>\n<\/div><\/div>\n<\/div><\/div>\n<\/div><\/div>\n<\/div><\/div>\n\n\n\n<div class=\"wp-block-uagb-container uagb-block-edac2b29 alignfull uagb-is-root-container\"><div class=\"uagb-container-inner-blocks-wrap\">\n<p class=\"has-text-align-center aligncenter has-black-color has-text-color has-x-large-font-size\" style=\"margin-top:0;margin-right:0;margin-bottom:10rem;margin-left:0\"><strong>ESPREH<\/strong><\/p>\n<\/div><\/div>\n<\/div><\/div>\n","protected":false},"excerpt":{"rendered":"<p>Serveis<\/p>\n","protected":false},"author":1,"featured_media":0,"parent":896,"menu_order":0,"comment_status":"closed","ping_status":"closed","template":"","meta":{"om_disable_all_campaigns":false,"_uag_custom_page_level_css":"","_monsterinsights_skip_tracking":false,"_monsterinsights_sitenote_active":false,"_monsterinsights_sitenote_note":"","_monsterinsights_sitenote_category":0,"_uf_show_specific_survey":0,"_uf_disable_surveys":false,"site-sidebar-layout":"no-sidebar","site-content-layout":"plain-container","ast-site-content-layout":"default","site-content-style":"default","site-sidebar-style":"unboxed","ast-global-header-display":"","ast-banner-title-visibility":"disabled","ast-main-header-display":"","ast-hfb-above-header-display":"","ast-hfb-below-header-display":"","ast-hfb-mobile-header-display":"","site-post-title":"disabled","ast-breadcrumbs-content":"disabled","ast-featured-img":"","footer-sml-layout":"","ast-disable-related-posts":"","theme-transparent-header-meta":"enabled","adv-header-id-meta":"","stick-header-meta":"","header-above-stick-meta":"","header-main-stick-meta":"","header-below-stick-meta":"","astra-migrate-meta-layouts":"set","ast-page-background-enabled":"default","ast-page-background-meta":{"desktop":{"background-color":"var(--ast-global-color-4)","background-image":"","background-repeat":"repeat","background-position":"center center","background-size":"auto","background-attachment":"scroll","background-type":"","background-media":"","overlay-type":"","overlay-color":"","overlay-opacity":"","overlay-gradient":""},"tablet":{"background-color":"","background-image":"","background-repeat":"repeat","background-position":"center center","background-size":"auto","background-attachment":"scroll","background-type":"","background-media":"","overlay-type":"","overlay-color":"","overlay-opacity":"","overlay-gradient":""},"mobile":{"background-color":"","background-image":"","background-repeat":"repeat","background-position":"center center","background-size":"auto","background-attachment":"scroll","background-type":"","background-media":"","overlay-type":"","overlay-color":"","overlay-opacity":"","overlay-gradient":""}},"ast-content-background-meta":{"desktop":{"background-color":"var(--ast-global-color-5)","background-image":"","background-repeat":"repeat","background-position":"center center","background-size":"auto","background-attachment":"scroll","background-type":"","background-media":"","overlay-type":"","overlay-color":"","overlay-opacity":"","overlay-gradient":""},"tablet":{"background-color":"var(--ast-global-color-5)","background-image":"","background-repeat":"repeat","background-position":"center center","background-size":"auto","background-attachment":"scroll","background-type":"","background-media":"","overlay-type":"","overlay-color":"","overlay-opacity":"","overlay-gradient":""},"mobile":{"background-color":"var(--ast-global-color-5)","background-image":"","background-repeat":"repeat","background-position":"center center","background-size":"auto","background-attachment":"scroll","background-type":"","background-media":"","overlay-type":"","overlay-color":"","overlay-opacity":"","overlay-gradient":""}},"footnotes":""},"class_list":["post-900","page","type-page","status-publish","hentry"],"aioseo_notices":[],"uagb_featured_image_src":{"full":false,"thumbnail":false,"medium":false,"medium_large":false,"large":false,"1536x1536":false,"2048x2048":false},"uagb_author_info":{"display_name":"admin","author_link":"https:\/\/dpr-sat.cat\/blog\/index.php\/author\/admin\/"},"uagb_comment_info":0,"uagb_excerpt":"Serveis","_links":{"self":[{"href":"https:\/\/dpr-sat.cat\/blog\/index.php\/wp-json\/wp\/v2\/pages\/900","targetHints":{"allow":["GET"]}}],"collection":[{"href":"https:\/\/dpr-sat.cat\/blog\/index.php\/wp-json\/wp\/v2\/pages"}],"about":[{"href":"https:\/\/dpr-sat.cat\/blog\/index.php\/wp-json\/wp\/v2\/types\/page"}],"author":[{"embeddable":true,"href":"https:\/\/dpr-sat.cat\/blog\/index.php\/wp-json\/wp\/v2\/users\/1"}],"replies":[{"embeddable":true,"href":"https:\/\/dpr-sat.cat\/blog\/index.php\/wp-json\/wp\/v2\/comments?post=900"}],"version-history":[{"count":1,"href":"https:\/\/dpr-sat.cat\/blog\/index.php\/wp-json\/wp\/v2\/pages\/900\/revisions"}],"predecessor-version":[{"id":2892,"href":"https:\/\/dpr-sat.cat\/blog\/index.php\/wp-json\/wp\/v2\/pages\/900\/revisions\/2892"}],"up":[{"embeddable":true,"href":"https:\/\/dpr-sat.cat\/blog\/index.php\/wp-json\/wp\/v2\/pages\/896"}],"wp:attachment":[{"href":"https:\/\/dpr-sat.cat\/blog\/index.php\/wp-json\/wp\/v2\/media?parent=900"}],"curies":[{"name":"wp","href":"https:\/\/api.w.org\/{rel}","templated":true}]}}