{"id":898,"date":"2021-04-10T03:57:23","date_gmt":"2021-04-10T01:57:23","guid":{"rendered":"https:\/\/dpr-sat.cat\/blog\/index.php\/contact\/"},"modified":"2023-10-12T11:57:15","modified_gmt":"2023-10-12T09:57:15","slug":"contact","status":"publish","type":"page","link":"https:\/\/dpr-sat.cat\/blog\/index.php\/home\/contact\/","title":{"rendered":"Contacte"},"content":{"rendered":"\n<div class=\"wp-block-uagb-container uagb-block-519447d8 alignfull uagb-is-root-container\"><div class=\"uagb-container-inner-blocks-wrap\">\n<div class=\"wp-block-uagb-advanced-heading uagb-block-277c4ecb\"><h2 class=\"uagb-heading-text\">En qu\u00e8 et puc ajudar? <\/h2><p class=\"uagb-desc-text\">Si vols fer consulta per escrit, pots completar el formulari  o pots enviar un correu elect\u00f2nic. Truca per quedar o demanar cita. Estar\u00e9 encantat de respondre&#8217;t.<\/p><\/div>\n<\/div><\/div>\n\n\n\n<div class=\"wp-block-uagb-container uagb-block-ace8b346 alignfull uagb-is-root-container\"><div class=\"uagb-container-inner-blocks-wrap\">\n<div class=\"wp-block-uagb-container uagb-block-f7bfcadb\">\n<div class=\"wp-block-uagb-info-box uagb-block-0629e061 uagb-infobox__content-wrap  uagb-infobox-icon-above-title uagb-infobox-image-valign-top\" id=\"adre\u00e7a\"><div class=\"uagb-ifb-content\"><div class=\"uagb-ifb-title-wrap\"><span class=\"uagb-ifb-title-prefix\">Adre\u00e7a<\/span><h4 class=\"uagb-ifb-title\">Carrer de Villarroel 124, Pral-3\u00aa,<br>08011 Barcelona.<\/h4><\/div><\/div><\/div>\n\n\n\n<div class=\"wp-block-uagb-info-box uagb-block-87fd47d0 uagb-infobox__content-wrap  uagb-infobox-icon-above-title uagb-infobox-image-valign-top\"><div class=\"uagb-ifb-content\"><div class=\"uagb-ifb-title-wrap\"><span class=\"uagb-ifb-title-prefix\">Tel\u00e8fon<\/span><h4 class=\"uagb-ifb-title\">+34 &#8211; 640 324 064<\/h4><\/div><\/div><\/div>\n\n\n\n<div class=\"wp-block-uagb-info-box uagb-block-a7dbb972 uagb-infobox__content-wrap  uagb-infobox-icon-above-title uagb-infobox-image-valign-top\"><div class=\"uagb-ifb-content\"><div class=\"uagb-ifb-title-wrap\"><span class=\"uagb-ifb-title-prefix\">Correu<\/span><h4 class=\"uagb-ifb-title\"><a href=\"mailto:dpr.espais@gmail.com\">info@dpr-sat.cat<\/a><\/h4><\/div><\/div><\/div>\n\n\n\n<div class=\"wp-block-uagb-advanced-heading uagb-block-92062985\"><h6 class=\"uagb-heading-text\">Segueix-me<\/h6><\/div>\n\n\n\n<div class=\"wp-block-uagb-social-share uagb-social-share__outer-wrap uagb-social-share__layout-horizontal uagb-block-cd8bc5d0\">\n<div class=\"wp-block-uagb-social-share-child uagb-ss-repeater uagb-ss__wrapper uagb-block-76b15da6\"><span class=\"uagb-ss__link\" data-href=\"https:\/\/pinterest.com\/pin\/create\/link\/?url=\" tabindex=\"0\" role=\"button\" aria-label=\"pinterest\"><span class=\"uagb-ss__source-wrap\"><span class=\"uagb-ss__source-icon\"><svg xmlns=\"https:\/\/www.w3.org\/2000\/svg\" viewBox=\"0 0 576 512\"><path d=\"M549.7 124.1c-6.281-23.65-24.79-42.28-48.28-48.6C458.8 64 288 64 288 64S117.2 64 74.63 75.49c-23.5 6.322-42 24.95-48.28 48.6-11.41 42.87-11.41 132.3-11.41 132.3s0 89.44 11.41 132.3c6.281 23.65 24.79 41.5 48.28 47.82C117.2 448 288 448 288 448s170.8 0 213.4-11.49c23.5-6.321 42-24.17 48.28-47.82 11.41-42.87 11.41-132.3 11.41-132.3s0-89.44-11.41-132.3zm-317.5 213.5V175.2l142.7 81.21-142.7 81.2z\"><\/path><\/svg><\/span><\/span><\/span><\/div>\n\n\n\n<div class=\"wp-block-uagb-social-share-child uagb-ss-repeater uagb-ss__wrapper uagb-block-c390203a\"><span class=\"uagb-ss__link\" data-href=\"https:\/\/www.facebook.com\/sharer.php?u=\" tabindex=\"0\" role=\"button\" aria-label=\"facebook\"><span class=\"uagb-ss__source-wrap\"><span class=\"uagb-ss__source-icon\"><svg xmlns=\"https:\/\/www.w3.org\/2000\/svg\" viewBox=\"0 0 512 512\"><path d=\"M504 256C504 119 393 8 256 8S8 119 8 256c0 123.8 90.69 226.4 209.3 245V327.7h-63V256h63v-54.64c0-62.15 37-96.48 93.67-96.48 27.14 0 55.52 4.84 55.52 4.84v61h-31.28c-30.8 0-40.41 19.12-40.41 38.73V256h68.78l-11 71.69h-57.78V501C413.3 482.4 504 379.8 504 256z\"><\/path><\/svg><\/span><\/span><\/span><\/div>\n\n\n\n<div class=\"wp-block-uagb-social-share-child uagb-ss-repeater uagb-ss__wrapper uagb-block-796a8e69\"><span class=\"uagb-ss__link\" data-href=\"https:\/\/www.linkedin.com\/shareArticle?url=\" tabindex=\"0\" role=\"button\" aria-label=\"linkedin\"><span class=\"uagb-ss__source-wrap\"><span class=\"uagb-ss__source-icon\"><svg xmlns=\"https:\/\/www.w3.org\/2000\/svg\" viewBox=\"0 0 448 512\"><path d=\"M224.1 141c-63.6 0-114.9 51.3-114.9 114.9s51.3 114.9 114.9 114.9S339 319.5 339 255.9 287.7 141 224.1 141zm0 189.6c-41.1 0-74.7-33.5-74.7-74.7s33.5-74.7 74.7-74.7 74.7 33.5 74.7 74.7-33.6 74.7-74.7 74.7zm146.4-194.3c0 14.9-12 26.8-26.8 26.8-14.9 0-26.8-12-26.8-26.8s12-26.8 26.8-26.8 26.8 12 26.8 26.8zm76.1 27.2c-1.7-35.9-9.9-67.7-36.2-93.9-26.2-26.2-58-34.4-93.9-36.2-37-2.1-147.9-2.1-184.9 0-35.8 1.7-67.6 9.9-93.9 36.1s-34.4 58-36.2 93.9c-2.1 37-2.1 147.9 0 184.9 1.7 35.9 9.9 67.7 36.2 93.9s58 34.4 93.9 36.2c37 2.1 147.9 2.1 184.9 0 35.9-1.7 67.7-9.9 93.9-36.2 26.2-26.2 34.4-58 36.2-93.9 2.1-37 2.1-147.8 0-184.8zM398.8 388c-7.8 19.6-22.9 34.7-42.6 42.6-29.5 11.7-99.5 9-132.1 9s-102.7 2.6-132.1-9c-19.6-7.8-34.7-22.9-42.6-42.6-11.7-29.5-9-99.5-9-132.1s-2.6-102.7 9-132.1c7.8-19.6 22.9-34.7 42.6-42.6 29.5-11.7 99.5-9 132.1-9s102.7-2.6 132.1 9c19.6 7.8 34.7 22.9 42.6 42.6 11.7 29.5 9 99.5 9 132.1s2.7 102.7-9 132.1z\"><\/path><\/svg><\/span><\/span><\/span><\/div>\n<\/div>\n<\/div>\n\n\n\n<div class=\"wp-block-uagb-container uagb-block-6a7ad52a\"><div class=\"wpforms-container wpforms-block wpforms-block-04e4f961-f078-4b77-ad58-895d41028a2d\" id=\"wpforms-9\"><form id=\"wpforms-form-9\" class=\"wpforms-validate wpforms-form\" data-formid=\"9\" method=\"post\" enctype=\"multipart\/form-data\" action=\"\/blog\/index.php\/wp-json\/wp\/v2\/pages\/898\" data-token=\"a0efb8ab77eb7c73cfe99897718ac198\" data-token-time=\"1777515095\"><noscript class=\"wpforms-error-noscript\">Activeu el JavaScript al navegador per a poder completar el formulari.<\/noscript><div class=\"wpforms-field-container\"><div id=\"wpforms-9-field_1-container\" class=\"wpforms-field wpforms-field-name\" data-field-id=\"1\"><label class=\"wpforms-field-label wpforms-label-hide\" for=\"wpforms-9-field_1\">Nom <span class=\"wpforms-required-label\">*<\/span><\/label><input type=\"text\" id=\"wpforms-9-field_1\" class=\"wpforms-field-large wpforms-field-required\" name=\"wpforms[fields][1]\" placeholder=\"Nom\" required><\/div><div id=\"wpforms-9-field_2-container\" class=\"wpforms-field wpforms-field-email\" data-field-id=\"2\"><label class=\"wpforms-field-label wpforms-label-hide\" for=\"wpforms-9-field_2\">Correu electr\u00f2nic <span class=\"wpforms-required-label\">*<\/span><\/label><input type=\"email\" id=\"wpforms-9-field_2\" class=\"wpforms-field-large wpforms-field-required\" name=\"wpforms[fields][2]\" placeholder=\"Correu electr\u00f2nic\" spellcheck=\"false\" required><\/div><div id=\"wpforms-9-field_5-container\" class=\"wpforms-field wpforms-field-select wpforms-field-select-style-classic\" data-field-id=\"5\"><label class=\"wpforms-field-label\" for=\"wpforms-9-field_5\">Temes de la consulta <span class=\"wpforms-required-label\">*<\/span><\/label><select id=\"wpforms-9-field_5\" class=\"wpforms-field-medium wpforms-field-required\" name=\"wpforms[fields][5]\" required=\"required\"><option value=\"Rehabilitaci\u00f3 Energ\u00e8tica\"  selected='selected'>Rehabilitaci\u00f3 Energ\u00e8tica<\/option><option value=\"Subvencions\" >Subvencions<\/option><option value=\"Normatives\" >Normatives<\/option><option value=\"Responsabilitat Ambiental\" >Responsabilitat Ambiental<\/option><option value=\"ITE\" >ITE<\/option><option value=\"Manteniment de l&#039;Edifici\" >Manteniment de l&#039;Edifici<\/option><option value=\"Certificaci\u00f3 Energ\u00e8tica\" >Certificaci\u00f3 Energ\u00e8tica<\/option><option value=\"Varis\" >Varis<\/option><\/select><div class=\"wpforms-field-description\">Tema a que es refereix la consulta.<\/div><\/div><div id=\"wpforms-9-field_4-container\" class=\"wpforms-field wpforms-field-textarea\" data-field-id=\"4\"><label class=\"wpforms-field-label wpforms-label-hide\" for=\"wpforms-9-field_4\">Descripci\u00f3 Consulta <span class=\"wpforms-required-label\">*<\/span><\/label><textarea id=\"wpforms-9-field_4\" class=\"wpforms-field-medium wpforms-field-required wpforms-limit-characters-enabled\" data-form-id=\"9\" data-field-id=\"4\" data-text-limit=\"20000\" name=\"wpforms[fields][4]\" placeholder=\"Descripci\u00f3 Consulta\" maxlength=\"20000\" required><\/textarea><\/div><\/div><!-- .wpforms-field-container --><div class=\"wpforms-submit-container\" ><input type=\"hidden\" name=\"wpforms[id]\" value=\"9\"><input type=\"hidden\" name=\"page_title\" value=\"\"><input type=\"hidden\" name=\"page_url\" value=\"https:\/\/dpr-sat.cat\/blog\/index.php\/wp-json\/wp\/v2\/pages\/898\"><button type=\"submit\" name=\"wpforms[submit]\" id=\"wpforms-submit-9\" class=\"wpforms-submit\" data-alt-text=\"Enviant...\" data-submit-text=\"Enviar Missatge\" aria-live=\"assertive\" value=\"wpforms-submit\">Enviar Missatge<\/button><\/div><\/form><\/div>  <!-- .wpforms-container --><\/div>\n<\/div><\/div>\n\n\n\n<div class=\"wp-block-uagb-container uagb-block-7f2e6ec7 alignfull uagb-is-root-container\"><div class=\"uagb-container-inner-blocks-wrap\">\n<div class=\"wp-block-uagb-info-box uagb-block-9b69e54f uagb-infobox__content-wrap  uagb-infobox-icon-above-title uagb-infobox-image-valign-top\"><div class=\"uagb-ifb-content\"><div class=\"uagb-ifb-icon-wrap\"><svg xmlns=\"https:\/\/www.w3.org\/2000\/svg\" viewBox=\"0 0 448 512\"><path d=\"M96 224C84.72 224 74.05 226.3 64 229.9V224c0-35.3 28.7-64 64-64c17.67 0 32-14.33 32-32S145.7 96 128 96C57.42 96 0 153.4 0 224v96c0 53.02 42.98 96 96 96s96-42.98 96-96S149 224 96 224zM352 224c-11.28 0-21.95 2.305-32 5.879V224c0-35.3 28.7-64 64-64c17.67 0 32-14.33 32-32s-14.33-32-32-32c-70.58 0-128 57.42-128 128v96c0 53.02 42.98 96 96 96s96-42.98 96-96S405 224 352 224z\"><\/path><\/svg><\/div><div class=\"uagb-ifb-title-wrap\"><h2 class=\"uagb-ifb-title\">un vehicle que consumeix 1 litre de gasoil emet 2,6kg de CO2 a l&#8217;atmosfera. <br>El consum d&#8217;1 kWh d&#8217;energia el\u00e8ctrica final, produida per una central el\u00e8ctrica de carb\u00f3, suposa uns 1,8kg de CO2 a l&#8217;atmosfera<\/h2><\/div><\/div><\/div>\n\n\n\n<div class=\"wp-block-uagb-advanced-heading uagb-block-476a9b6d\"><\/div>\n<\/div><\/div>\n","protected":false},"excerpt":{"rendered":"<p>En qu\u00e8 et puc ajudar? Si vols fer consulta per escrit, pots completar el formulari o pots enviar un correu elect\u00f2nic. Truca per quedar o demanar cita. Estar\u00e9 encantat de respondre&#8217;t. Segueix-me<\/p>\n","protected":false},"author":1,"featured_media":0,"parent":896,"menu_order":0,"comment_status":"closed","ping_status":"closed","template":"","meta":{"om_disable_all_campaigns":false,"_uag_custom_page_level_css":"","_monsterinsights_skip_tracking":false,"_monsterinsights_sitenote_active":false,"_monsterinsights_sitenote_note":"","_monsterinsights_sitenote_category":0,"_uf_show_specific_survey":0,"_uf_disable_surveys":false,"site-sidebar-layout":"no-sidebar","site-content-layout":"plain-container","ast-site-content-layout":"default","site-content-style":"default","site-sidebar-style":"unboxed","ast-global-header-display":"","ast-banner-title-visibility":"disabled","ast-main-header-display":"","ast-hfb-above-header-display":"","ast-hfb-below-header-display":"","ast-hfb-mobile-header-display":"","site-post-title":"disabled","ast-breadcrumbs-content":"disabled","ast-featured-img":"","footer-sml-layout":"","ast-disable-related-posts":"","theme-transparent-header-meta":"enabled","adv-header-id-meta":"","stick-header-meta":"","header-above-stick-meta":"","header-main-stick-meta":"","header-below-stick-meta":"","astra-migrate-meta-layouts":"set","ast-page-background-enabled":"default","ast-page-background-meta":{"desktop":{"background-color":"var(--ast-global-color-4)","background-image":"","background-repeat":"repeat","background-position":"center center","background-size":"auto","background-attachment":"scroll","background-type":"","background-media":"","overlay-type":"","overlay-color":"","overlay-opacity":"","overlay-gradient":""},"tablet":{"background-color":"","background-image":"","background-repeat":"repeat","background-position":"center center","background-size":"auto","background-attachment":"scroll","background-type":"","background-media":"","overlay-type":"","overlay-color":"","overlay-opacity":"","overlay-gradient":""},"mobile":{"background-color":"","background-image":"","background-repeat":"repeat","background-position":"center center","background-size":"auto","background-attachment":"scroll","background-type":"","background-media":"","overlay-type":"","overlay-color":"","overlay-opacity":"","overlay-gradient":""}},"ast-content-background-meta":{"desktop":{"background-color":"var(--ast-global-color-5)","background-image":"","background-repeat":"repeat","background-position":"center center","background-size":"auto","background-attachment":"scroll","background-type":"","background-media":"","overlay-type":"","overlay-color":"","overlay-opacity":"","overlay-gradient":""},"tablet":{"background-color":"var(--ast-global-color-5)","background-image":"","background-repeat":"repeat","background-position":"center center","background-size":"auto","background-attachment":"scroll","background-type":"","background-media":"","overlay-type":"","overlay-color":"","overlay-opacity":"","overlay-gradient":""},"mobile":{"background-color":"var(--ast-global-color-5)","background-image":"","background-repeat":"repeat","background-position":"center center","background-size":"auto","background-attachment":"scroll","background-type":"","background-media":"","overlay-type":"","overlay-color":"","overlay-opacity":"","overlay-gradient":""}},"footnotes":""},"class_list":["post-898","page","type-page","status-publish","hentry"],"aioseo_notices":[],"uagb_featured_image_src":{"full":false,"thumbnail":false,"medium":false,"medium_large":false,"large":false,"1536x1536":false,"2048x2048":false},"uagb_author_info":{"display_name":"admin","author_link":"https:\/\/dpr-sat.cat\/blog\/index.php\/author\/admin\/"},"uagb_comment_info":0,"uagb_excerpt":"En qu\u00e8 et puc ajudar? Si vols fer consulta per escrit, pots completar el formulari o pots enviar un correu elect\u00f2nic. Truca per quedar o demanar cita. Estar\u00e9 encantat de respondre&#8217;t. Segueix-me","_links":{"self":[{"href":"https:\/\/dpr-sat.cat\/blog\/index.php\/wp-json\/wp\/v2\/pages\/898","targetHints":{"allow":["GET"]}}],"collection":[{"href":"https:\/\/dpr-sat.cat\/blog\/index.php\/wp-json\/wp\/v2\/pages"}],"about":[{"href":"https:\/\/dpr-sat.cat\/blog\/index.php\/wp-json\/wp\/v2\/types\/page"}],"author":[{"embeddable":true,"href":"https:\/\/dpr-sat.cat\/blog\/index.php\/wp-json\/wp\/v2\/users\/1"}],"replies":[{"embeddable":true,"href":"https:\/\/dpr-sat.cat\/blog\/index.php\/wp-json\/wp\/v2\/comments?post=898"}],"version-history":[{"count":0,"href":"https:\/\/dpr-sat.cat\/blog\/index.php\/wp-json\/wp\/v2\/pages\/898\/revisions"}],"up":[{"embeddable":true,"href":"https:\/\/dpr-sat.cat\/blog\/index.php\/wp-json\/wp\/v2\/pages\/896"}],"wp:attachment":[{"href":"https:\/\/dpr-sat.cat\/blog\/index.php\/wp-json\/wp\/v2\/media?parent=898"}],"curies":[{"name":"wp","href":"https:\/\/api.w.org\/{rel}","templated":true}]}}